{"id":5927,"date":"2023-07-21T16:26:54","date_gmt":"2023-07-21T13:26:54","guid":{"rendered":"https:\/\/revealing-project.eu\/product\/blockscad\/"},"modified":"2023-07-21T16:27:01","modified_gmt":"2023-07-21T13:27:01","slug":"blockscad","status":"publish","type":"product","link":"https:\/\/revealing-project.eu\/pt-pt\/produto\/blockscad\/","title":{"rendered":"BlocksCAD"},"content":{"rendered":"<p>BlocksCAD \u00e9 uma ferramenta de modela\u00e7\u00e3o 3D para a web que permite aos utilizadores criar e manipular formas 3D utilizando c\u00f3digo. \u00c9 projetado para utilizadores  de todas as idades, mas \u00e9 especialmente popular entre educadores para ensinar conceitos de matem\u00e1tica e programa\u00e7\u00e3o. O BlocksCAD pode ser acedido em qualquer dispositivo com um navegador da web, incluindo computadores, tablets e smartphones.<\/p>\n","protected":false},"excerpt":{"rendered":"<p><a class=\"linkbutton\" href=\"https:\/\/www.blockscad3d.com\/\"target=_blank rel=\"noopener\">Website<\/a><\/p>\n","protected":false},"featured_media":4098,"template":"","meta":[],"product_cat":[235],"product_tag":[],"_links":{"self":[{"href":"https:\/\/revealing-project.eu\/pt-pt\/wp-json\/wp\/v2\/product\/5927"}],"collection":[{"href":"https:\/\/revealing-project.eu\/pt-pt\/wp-json\/wp\/v2\/product"}],"about":[{"href":"https:\/\/revealing-project.eu\/pt-pt\/wp-json\/wp\/v2\/types\/product"}],"wp:featuredmedia":[{"embeddable":true,"href":"https:\/\/revealing-project.eu\/pt-pt\/wp-json\/wp\/v2\/media\/4098"}],"wp:attachment":[{"href":"https:\/\/revealing-project.eu\/pt-pt\/wp-json\/wp\/v2\/media?parent=5927"}],"wp:term":[{"taxonomy":"product_cat","embeddable":true,"href":"https:\/\/revealing-project.eu\/pt-pt\/wp-json\/wp\/v2\/product_cat?post=5927"},{"taxonomy":"product_tag","embeddable":true,"href":"https:\/\/revealing-project.eu\/pt-pt\/wp-json\/wp\/v2\/product_tag?post=5927"}],"curies":[{"name":"wp","href":"https:\/\/api.w.org\/{rel}","templated":true}]}}