{"id":5928,"date":"2023-07-21T16:26:54","date_gmt":"2023-07-21T13:26:54","guid":{"rendered":"https:\/\/revealing-project.eu\/product\/blender\/"},"modified":"2023-07-21T16:27:01","modified_gmt":"2023-07-21T13:27:01","slug":"blender","status":"publish","type":"product","link":"https:\/\/revealing-project.eu\/pt-pt\/produto\/blender\/","title":{"rendered":"Blender"},"content":{"rendered":"<p>O Blender \u00e9 um software gratuito e de c\u00f3digo aberto para cria\u00e7\u00e3o 3D, usado para criar modelos em computador, anima\u00e7\u00f5es e efeitos visuais. Este oferece uma ampla gama de recursos, incluindo modela\u00e7\u00e3o, escultura, anima\u00e7\u00e3o, simula\u00e7\u00e3o, renderiza\u00e7\u00e3o, composi\u00e7\u00e3o e rastreamento de movimento.<\/p>\n","protected":false},"excerpt":{"rendered":"<p><a class=\"linkbutton\" href=\"https:\/\/www.blender.org\/\"target=_blank rel=\"noopener\">Website<\/a><\/p>\n","protected":false},"featured_media":4088,"template":"","meta":[],"product_cat":[235],"product_tag":[],"_links":{"self":[{"href":"https:\/\/revealing-project.eu\/pt-pt\/wp-json\/wp\/v2\/product\/5928"}],"collection":[{"href":"https:\/\/revealing-project.eu\/pt-pt\/wp-json\/wp\/v2\/product"}],"about":[{"href":"https:\/\/revealing-project.eu\/pt-pt\/wp-json\/wp\/v2\/types\/product"}],"wp:featuredmedia":[{"embeddable":true,"href":"https:\/\/revealing-project.eu\/pt-pt\/wp-json\/wp\/v2\/media\/4088"}],"wp:attachment":[{"href":"https:\/\/revealing-project.eu\/pt-pt\/wp-json\/wp\/v2\/media?parent=5928"}],"wp:term":[{"taxonomy":"product_cat","embeddable":true,"href":"https:\/\/revealing-project.eu\/pt-pt\/wp-json\/wp\/v2\/product_cat?post=5928"},{"taxonomy":"product_tag","embeddable":true,"href":"https:\/\/revealing-project.eu\/pt-pt\/wp-json\/wp\/v2\/product_tag?post=5928"}],"curies":[{"name":"wp","href":"https:\/\/api.w.org\/{rel}","templated":true}]}}